{"id":3573,"date":"2018-10-20T18:16:46","date_gmt":"2018-10-20T16:16:46","guid":{"rendered":"http:\/\/www.caporicci.fr\/?page_id=3573"},"modified":"2018-10-22T16:38:42","modified_gmt":"2018-10-22T14:38:42","slug":"parcours-professionnel","status":"publish","type":"page","link":"https:\/\/www.caporicci.fr\/?page_id=3573","title":{"rendered":"Parcours Professionnel"},"content":{"rendered":"<p><span style=\"color: #000000;\"><strong>1966 &#8211; 1967<\/strong><\/span><br \/>\n<span style=\"color: #000000;\">Professeur d&#8217;histoire de l&#8217;Art et du Costume, Lyc\u00e9e artistique de Sasserai. Sardaigne. Italie.<\/span><br \/>\n<span style=\"color: #000000;\"><strong>1966 &#8211; 1968<\/strong><\/span><br \/>\n<span style=\"color: #000000;\">D\u00e9corateur du Th\u00e9\u00e2tre Exp\u00e9rimental de Naples.<\/span><br \/>\n<span style=\"color: #000000;\"><strong>1971<\/strong><\/span><br \/>\n<span style=\"color: #000000;\">R\u00e9alisation d&#8217;un projet d&#8217;architecture discoth\u00e8que \u00abCalacreta di Lampedusa\u00bb. Trapani. Italie.<\/span><br \/>\n<span style=\"color: #000000;\"><strong>1971 &#8211; 1974<\/strong><\/span><br \/>\n<span style=\"color: #000000;\">Professeur auxiliaire de dessin textile \u00e0 l&#8217;\u00e9cole priv\u00e9e \u00abFilo Tessitura\u00bb,&nbsp; Como, Italie.<\/span><br \/>\n<span style=\"color: #000000;\"><strong>1975<\/strong><\/span><br \/>\n<span style=\"color: #000000;\">R\u00e9alisation d&#8217;un projet d&#8217;architecture de l&#8217;H\u00f4tel Royale de Varenna, Italie.<\/span><br \/>\n<span style=\"color: #000000;\"><strong>1975 &#8211; 1980<\/strong><\/span><br \/>\n<span style=\"color: #000000;\">Dessinateur textile, bureaude style \u00abSociet\u00e0 generale tessuti di Como \u00bb, Italie.<\/span><br \/>\n<span style=\"color: #000000;\">Professeur de dessin textile, bureau de style \u00abArt System\u00bb<\/span><br \/>\n<span style=\"color: #000000;\"><strong>1985 &#8211; 1990<\/strong><\/span><br \/>\n<span style=\"color: #000000;\">Coordinateur d&#8217;Arts plastiques, Centre culturel Arte Struktura, Milan.<\/span><br \/>\n<span style=\"color: #000000;\"><strong>1985 &#8211; 1994<\/strong><\/span><br \/>\n<span style=\"color: #000000;\">Assistant de la Galerie Arte Struktura, Milan.<\/span><br \/>\n<span style=\"color: #000000;\"><strong>1986<\/strong><\/span><br \/>\n<span style=\"color: #000000;\">\u00abHommage au Bauhaus \u00bb, coordinateur et r\u00e9alisateur des les d\u00e9cors \u00abIntervento nella Citta\u00bb, Cesena, ltalie.<\/span><br \/>\n<span style=\"color: #000000;\"><strong>1990 &#8211; 1998<\/strong><\/span><br \/>\n<span style=\"color: #000000;\">Fondateur et membre actif du groupe \u00abMadi Italia\u00bb relations publiques France-Italie.<\/span><br \/>\n<span style=\"color: #000000;\"><strong>1994<\/strong><\/span><br \/>\n<span style=\"color: #000000;\">Organisation et catalogne de l&#8217;exposition \u00abMiscellanea\u00bb Centre culturel l&#8217;Approdo de la Municipalit\u00e9 de Avellino. Italie.<\/span><br \/>\n<span style=\"color: #000000;\"><strong>1997 &#8211; 2000<\/strong><\/span><br \/>\n<span style=\"color: #000000;\">Assistant de la Galerie Claude Dorval, Paris.<\/span><br \/>\n<span style=\"color: #000000;\">Professeur d&#8217;art plastique dans les \u00e9coles maternelles et primaires de la ville Dammarie les Lys, France.<\/span><br \/>\n<span style=\"color: #000000;\"><strong>1999 &#8211; 2000<\/strong><\/span><br \/>\n<span style=\"color: #000000;\">Styliste de nombreux costumes Pour le spectacle \u00abLe Maitre des r\u00e8ves et des couleurs\u00bb, organise pour la D.A.M. Seine et Marne, France.<\/span><br \/>\n<span style=\"color: #000000;\">Directeur du Stage de sculpture sur Ardoise. Association Nuovi Orizzonti projet \u00abOro Nero\u00bb in Valle Argentina, Ventimiglia, Italie.<\/span><br \/>\n<span style=\"color: #000000;\"><strong>2000<\/strong><\/span><br \/>\n<span style=\"color: #000000;\">Cr\u00e9ateur de d\u00e9cors sc\u00e9nographiques Festival des enfants plasticien \u00abLa Fl\u00fbte Enchant\u00e9e\u00bb, \u00abIl \u00e9tait une fois l&#8217;Homme\u00bb, \u00abLe Cirque\u00bb Ecoles de Dammarie les Lys, France.<\/span><br \/>\n<span style=\"color: #000000;\">Professeur Sculpture \u00abmod\u00e8le vivant\u00bb, Les Artistes de Chesnay, Versailles, France.<\/span><br \/>\n<span style=\"color: #000000;\"><strong>2002-2003<\/strong><\/span><br \/>\n<span style=\"color: #000000;\">Directeur du Stage de sculpture sur Ardoise. Association Nuovi Orizzonti Project \u00ab Oro Nero\u00bb in Valle Argentina, Ventimiglia, Italie.<\/span><br \/>\n<span style=\"color: #000000;\">MADI. Tokyo Miscellanea, C.C. ex Prision Borbonico. Avellino, Italie.<\/span><br \/>\n<span style=\"color: #000000;\">Ventilation, Toits du Monde Vevey, Suisse MADI, H\u00f4tel de Ville et Th\u00e9\u00e2tre Le Man\u00e8ge. &nbsp;Maubeuge. France Kostruito 94, galerie Arte Struktura. Milan, Italie. 1945 \/1995, cr\u00e9ateurs pour la paix, Congr\u00e8s du Mouvement de la Paix, Montlu\u00e7on, France Salon R\u00e9alit\u00e9s nouvelles, Paris.<\/span><br \/>\n<span style=\"color: #000000;\"><strong>1995<\/strong><\/span><br \/>\n<span style=\"color: #000000;\">Galerie d&#8217;Art de l&#8217;h\u00f4tel Astra. Paris 100 x 100 in divenire, Galerie Arte Struktura, Milan.<\/span><br \/>\n<span style=\"color: #000000;\">Incontro e scontri alle soglie del 3\u00b0 millennio, Forum Artis Mus\u00e9um, Montese, Italie.<\/span><br \/>\n<span style=\"color: #000000;\">Espace V\u00e9ga Pierre Cardin, Paris.<\/span><br \/>\n<span style=\"color: #000000;\">100 x 100 per Arte Struktura. Lonato de Garda, Italie.<\/span><br \/>\n<span style=\"color: #000000;\">16\u00b0 salons d&#8217;Art, Ballancurt, France.<\/span><br \/>\n<span style=\"color: #000000;\">Art ludique, Galerie Claude Dorval, Paris.<\/span><br \/>\n<span style=\"color: #000000;\">Cinquanta Artisti di frontiera, Centro culturale l&#8217;Approdo, Avellino, Italie.<\/span><br \/>\n<span style=\"color: #000000;\">Salon Cornparaisons 95.<\/span><br \/>\n<span style=\"color: #000000;\">Paris Salon R\u00e9alit\u00e9s nouvelles, Paris.<\/span><br \/>\n<span style=\"color: #000000;\"><strong>1996<\/strong><\/span><br \/>\n<span style=\"color: #000000;\">Prologue \u00e0 un cinquantenaire MADI, Galerie Claude Dorval, Paris.<\/span><br \/>\n<span style=\"color: #000000;\">50ans de MADI. Zaragoza<\/span><br \/>\n<span style=\"color: #000000;\">50\u00b0 R\u00e9alit\u00e9s Nouvelles, Paris.<\/span><br \/>\n<span style=\"color: #000000;\">Internazionale per l&#8217;unificazione Europea, formato 20 x 20, Sala del Ciarrobbio, Omegna, Italie.<\/span><br \/>\n<span style=\"color: #000000;\">L&#8217;Arte costruisce l&#8217;Europa, Palazzo economo, Triestre, Italie.<\/span><br \/>\n<span style=\"color: #000000;\">Espace Pierre Cardin, Saint-Ouen Arte em Voga, Lisbonne.<\/span><br \/>\n<span style=\"color: #000000;\">MADI centre Sofitel, Bucarest.<\/span><br \/>\n<span style=\"color: #000000;\">17&#8243; Salon de Ballancurt, France.<\/span><br \/>\n<span style=\"color: #000000;\">Exposition MADI, Maubeuge.<\/span><br \/>\n<span style=\"color: #000000;\">L&#8217;Art g\u00e9om\u00e9trique, galerie Claude Dorval, Paris.<\/span><br \/>\n<span style=\"color: #000000;\"><strong>1997<\/strong><\/span><br \/>\n<span style=\"color: #000000;\">Congres ARCO, Madrid.<\/span><br \/>\n<span style=\"color: #000000;\">Palais de l&#8217;Unesco, Paris.<\/span><br \/>\n<span style=\"color: #000000;\">Parlement Europ\u00e9en, Strasbourg.<\/span><br \/>\n<span style=\"color: #000000;\">&nbsp;Cr\u00e9ateurs pour la paix, Palais des Nations Unies, New York, US.A. Costruttivismo, concretismo, cinevisualisrno, Galerie Arte Struktura, Milan.<\/span><br \/>\n<span style=\"color: #000000;\">Petits Formats, Galerie Claude Dorval, Paris.<\/span><br \/>\n<span style=\"color: #000000;\">Salon d&#8217;Art Contemporaine. Dammarie les Lys, France.<\/span><br \/>\n<span style=\"color: #000000;\"><strong>1998<\/strong><\/span><br \/>\n<span style=\"color: #000000;\">Sculptures, Galerie Claude Dorval, Paris.<\/span><br \/>\n<span style=\"color: #000000;\">Nuova Visualit\u00e0 Internazionale, Palazzo Ducale, Revere (Mantova), Italie.<\/span><br \/>\n<span style=\"color: #000000;\">Salon d&#8217;Art Contemporaine, Dammarie les Lys,France.<\/span><br \/>\n<span style=\"color: #000000;\"><strong>1999<\/strong><\/span><br \/>\n<span style=\"color: #000000;\">12 Ideatori della Nuova Visualit\u00e0 Internazionale : forma, colore, riflessioni, Galleria Scala Arte, Verona. Italie.<\/span><br \/>\n<span style=\"color: #000000;\">L&#8217;art constructif a travers I \u2018Europe contemporaine, Ch\u00e2teau des Bouillants, Dammarie Ies Lys, France. Art constructif en Europe 1950-1998, Museum de Art Contemporanea, Fortelezza, Bresil.<\/span><br \/>\n<span style=\"color: #000000;\">Oro Nero in Valle Argentina, Associazione Nuovo Orizzonti, Ventimiglia (Imperia), ltalie.<\/span><br \/>\n<span style=\"color: #000000;\"><strong>1999 &#8211; 2000<\/strong><\/span><br \/>\n<span style=\"color: #000000;\">Le D\u00e9fi des Artistes America&#8217;s Cup, Louis Vuitton Cup.<\/span><br \/>\n<span style=\"color: #000000;\">Galerie W, espace &#8220;Le rendez-vous TOYOTA&#8221; Champs Elys\u00e9es, Paris.<\/span><br \/>\n<span style=\"color: #000000;\"><strong>2000<\/strong><\/span><br \/>\n<span style=\"color: #000000;\">L&#8217;Art t\u00e9moin du Futur, nouveaux regards sur l&#8217;abstraction, Galerie \u00able Studio de l&#8217;Image\u00bb, Paris.<\/span><br \/>\n<span style=\"color: #000000;\">Une Commune un Art &#8220;2000&#8221;, Saint Fargeau Ponthierry, France.<\/span><br \/>\n<span style=\"color: #000000;\">Oro Nero in Valle Argentina, Comune di Mulini di Triora, Imperia, Italie.<\/span><br \/>\n<span style=\"color: #000000;\">Premio Saccarello 7\u00b0 edizione, Monte Saccarello Imperia, Italie.<\/span><br \/>\n<span style=\"color: #000000;\">\u00abLe Livre et ses Possibles II\u00bb,&nbsp; Galerie Claude Dorval. Paris &#8220;Concept Cr\u00e9atif International Pierre Cardin&#8221; Exposition pour l&#8217;Anniversaire 50 ans Maison Pierre Cardin, Saint-Ouen, Paris.<\/span><br \/>\n<span style=\"color: #000000;\">Museum Coripos, Sala Jaildo Marinho, Santa Maria da Boa Vista, Bresil.<\/span><br \/>\n<span style=\"color: #000000;\"><strong>2001<\/strong><\/span><br \/>\n<span style=\"color: #000000;\">Salon R\u00e9alit\u00e9s Nouvelles, Paris.<\/span><br \/>\n<span style=\"color: #000000;\">Salon d&#8217;Art Contemporaine. Dammarie les Lys, France.<\/span><br \/>\n<span style=\"color: #000000;\">Rencontres Intemationales d&#8217;Art Contemporaine de Chiz\u00e9, Galerie Altitude, Paris.<\/span><br \/>\n<span style=\"color: #000000;\">Costruttivismo, concretismo, cinevisualismo,&nbsp; Nuova Visualit\u00e0 Internazionale, Forum Omegna, Galerie Arte Struktura, Omegna.<\/span><br \/>\n<span style=\"color: #000000;\">22\u00b0 Salon de Ballancurt, France.<\/span><br \/>\n<span style=\"color: #000000;\">Salon Et\u00e9-Bastille, Galerie Claude Dorval, Paris.<\/span><br \/>\n<span style=\"color: #000000;\">Evidences, petits formats, Galerie Claude Dorval. Paris Long Circuit, Galerie St. Charles de Rose, Paris.<\/span><br \/>\n<span style=\"color: #000000;\"><strong>2002<\/strong><\/span><br \/>\n<span style=\"color: #000000;\">Salon R\u00e9alit\u00e9s Nouvelles, Paris.<\/span><br \/>\n<span style=\"color: #000000;\">Diff\u00e9rence, Galerie A5, Paris.<\/span><br \/>\n<span style=\"color: #000000;\">Time, Galerie W, Paris.<\/span><br \/>\n<span style=\"color: #000000;\">Oro Nero ai Giardini Botanici Hanbury, Comune di Ventimiglia, Italie.<\/span><br \/>\n<span style=\"color: #000000;\">Hommage \u00e0 Claude Dorval, Galerie Claude Dorval, Paris.<\/span><br \/>\n<span style=\"color: #000000;\"><strong>2003<\/strong><\/span><br \/>\n<span style=\"color: #000000;\">Salon R\u00e9alit\u00e9s Nouvelles, Paris.<\/span><br \/>\n<span style=\"color: #000000;\">\u00abL&#8217;Art et l&#8217;Ecriture\u00bb Salon d&#8217;Art Contemporaine. Dammarie les Lys, France.<\/span><br \/>\n<span style=\"color: #000000;\">Petit format, galerie Claude Dorval, Paris.<\/span><br \/>\n<span style=\"color: #000000;\"><strong>2004<\/strong><\/span><br \/>\n<span style=\"color: #000000;\">Salon R\u00e9alit\u00e9s Nouvelles, Paris.<\/span><br \/>\n<span style=\"color: #000000;\"><strong>2005<\/strong><\/span><br \/>\n<span style=\"color: #000000;\">\u00abGalerie 21 \u00bb. &nbsp;Uz\u00e8s Gard, France.<\/span><br \/>\n<span style=\"color: #000000;\"><strong>2006<\/strong><\/span><br \/>\n<span style=\"color: #000000;\">Salon R\u00e9alit\u00e9s Nouvelles, Paris.<\/span><br \/>\n<span style=\"color: #000000;\">\u00abLigne apr\u00e8s ligne\u00bb Galerie White El\u00e9phant, Paris. Chart Galerie, Paris.<\/span><br \/>\n<span style=\"color: #000000;\">\u00abOP-ART\u00bb Galerie JOYCE, Palais Royal, Paris.<\/span><\/p>\n<p>&nbsp;<\/p>\n<p>&nbsp;<\/p>\n<p>&nbsp;<\/p>\n<p>&nbsp;<\/p>\n<p>&nbsp;<\/p>\n<p>&nbsp;<\/p>\n<p>&nbsp;<\/p>\n<p>&nbsp;<\/p>\n<p>&nbsp;<\/p>\n<p>&nbsp;<\/p>\n","protected":false},"excerpt":{"rendered":"<p>1966 &#8211; 1967 Professeur d&#8217;histoire de l&#8217;Art et du Costume, Lyc\u00e9e artistique de Sasserai. Sardaigne. Italie. 1966 &#8211; 1968 D\u00e9corateur du Th\u00e9\u00e2tre Exp\u00e9rimental de Naples. 1971 R\u00e9alisation d&#8217;un projet d&#8217;architecture discoth\u00e8que \u00abCalacreta di Lampedusa\u00bb. Trapani. Italie. 1971 &#8211; 1974 Professeur auxiliaire de dessin textile \u00e0 l&#8217;\u00e9cole priv\u00e9e \u00abFilo Tessitura\u00bb,&nbsp; Como, Italie. 1975 R\u00e9alisation d&#8217;un projet &hellip; <\/p>\n<p class=\"link-more\"><a href=\"https:\/\/www.caporicci.fr\/?page_id=3573\" class=\"read-more\">Read More<span class=\"screen-reader-text\"> &#8220;Parcours Professionnel&#8221;<\/span><\/a><\/p>\n","protected":false},"author":1,"featured_media":0,"parent":0,"menu_order":0,"comment_status":"closed","ping_status":"closed","template":"","meta":{"ngg_post_thumbnail":0,"_locale":"","_original_post":"","footnotes":""},"_links":{"self":[{"href":"https:\/\/www.caporicci.fr\/index.php?rest_route=\/wp\/v2\/pages\/3573"}],"collection":[{"href":"https:\/\/www.caporicci.fr\/index.php?rest_route=\/wp\/v2\/pages"}],"about":[{"href":"https:\/\/www.caporicci.fr\/index.php?rest_route=\/wp\/v2\/types\/page"}],"author":[{"embeddable":true,"href":"https:\/\/www.caporicci.fr\/index.php?rest_route=\/wp\/v2\/users\/1"}],"replies":[{"embeddable":true,"href":"https:\/\/www.caporicci.fr\/index.php?rest_route=%2Fwp%2Fv2%2Fcomments&post=3573"}],"version-history":[{"count":2,"href":"https:\/\/www.caporicci.fr\/index.php?rest_route=\/wp\/v2\/pages\/3573\/revisions"}],"predecessor-version":[{"id":3985,"href":"https:\/\/www.caporicci.fr\/index.php?rest_route=\/wp\/v2\/pages\/3573\/revisions\/3985"}],"wp:attachment":[{"href":"https:\/\/www.caporicci.fr\/index.php?rest_route=%2Fwp%2Fv2%2Fmedia&parent=3573"}],"curies":[{"name":"wp","href":"https:\/\/api.w.org\/{rel}","templated":true}]}}