{"id":3576,"date":"2018-10-20T18:17:33","date_gmt":"2018-10-20T16:17:33","guid":{"rendered":"http:\/\/www.caporicci.fr\/?page_id=3576"},"modified":"2022-04-06T12:10:44","modified_gmt":"2022-04-06T10:10:44","slug":"catologue-des-exposition","status":"publish","type":"page","link":"https:\/\/www.caporicci.fr\/?page_id=3576","title":{"rendered":"Catologues d&#8217;Expositions"},"content":{"rendered":"<p style=\"font-weight: 400;\"><span style=\"color: #000000;\">Arte Strukutra &#8211; Giancarlo Caporicci : Campi d&#8217; Azione &#8211; In Occasione dei festeggiamenti del &#8220;Maggio Monteclarense &#8221; Citt\u00e0 di Moncalieri (Brescia) &#8211; dal 29 Aprile al 20 Maggio1993.(v)<\/span><\/p>\n<p style=\"font-weight: 400;\"><span style=\"color: #000000;\">Arte Struktura &#8211; Citt\u00e0 di Montechiari (Brescia) &#8211; Pieve di San&#8217; Pancrazio &#8211; dal 7 Maggio al 30 Giugno 1993.<\/span><\/p>\n<p style=\"font-weight: 400;\"><span style=\"color: #000000;\">Arte Struktura&nbsp; &#8211; Giancarlo Caporicci : Campi d&#8217; Azione&nbsp; &#8221;&nbsp;<u>Testo Critico di Alberto Veca<\/u>&nbsp;&#8221; &#8211; Citt\u00e0 di Montechiari &#8211; Pieve di San&#8217; Pancrazio. (r)<\/span><\/p>\n<p style=\"font-weight: 400;\"><span style=\"color: #000000;\">Dia+Logos &#8211; Mostra Internazionale D&#8217; Arte Contemporanea di Ricerca&nbsp;&nbsp; dal 7 al 28 Maggio 1993.<\/span><\/p>\n<p style=\"font-weight: 400;\"><span style=\"color: #000000;\">Miscellanea &#8211; Mostra D&#8217; Arte Contemporanea &#8221; Piccolo Formato &#8221; &#8211; 1994.<\/span><\/p>\n<p style=\"font-weight: 400;\"><span style=\"color: #000000;\">Forum Artis Museum Montese &#8211; &#8221; Incontri e Scontri alle Soglie del 3\u00b0 Millennio &#8221; &#8211; 1995.<\/span><\/p>\n<p style=\"font-weight: 400;\"><span style=\"color: #000000;\">Art Struktura &#8211; &#8221; L&#8217; Arte Costruisce L&#8217; Europa &#8221; &#8211; Movimento Internazionale MADI&#8217; &#8211; 1996. (b)<\/span><\/p>\n<p><span style=\"color: #000000;\">Exposition personnelle de Giancarlo Caporicci &#8221; R\u00e9flexions &#8221; du 20 juillet au 20 octobre 1996.<\/span><\/p>\n<p style=\"font-weight: 400;\"><span style=\"color: #000000;\">MADI&#8217; Internacional &#8220;50&#8221; A\u00f1os Despu\u00e8s 1946 -1996.<\/span><\/p>\n<p style=\"font-weight: 400;\"><span style=\"color: #000000;\">Art-struktura &#8221; Nuova Visualit\u00e0 Internazionale &#8221; &#8211; 1997.<\/span><\/p>\n<p style=\"font-weight: 400;\"><span style=\"color: #000000;\">Exposition &#8211;&nbsp;Stage &#8211; Beby &#8211; du 8 Juin au 30 Juin 1998.<\/span><\/p>\n<p style=\"font-weight: 400;\"><span style=\"color: #000000;\">Oro Nero &#8211; In Valle Argentina &#8211; Stage di Scultura 1999 &#8211; Ventimiglia &#8211; Italia.<\/span><\/p>\n<p style=\"font-weight: 400;\"><span style=\"color: #000000;\">Oro Nero &#8211; In Valle Argentina &#8211; Stage di Scultura dal 23 al 30 Luglio 2000 &#8211; Ventimiglia &#8211; Italia.<\/span><\/p>\n<p style=\"font-weight: 400;\"><span style=\"color: #000000;\">Oro Nero &#8211; In Valle Argentina &#8211; 7\u00b0 Stage di Scultura &#8211; 2002 &#8211; Ventimiglia &#8211; Italia.<\/span><\/p>\n<p style=\"font-weight: 400;\"><span style=\"color: #000000;\">Oro Nero &#8211; In Valle Argentina &#8211; 8\u00b0 Stage di Scultura&nbsp; &#8211; 2003 &#8211; Ventimiglia &#8211; Italia.<\/span><\/p>\n<p style=\"font-weight: 400;\"><span style=\"color: #000000;\">Pigment, 20\u00e9 Anniversaire du Groupe &#8211; Galerie Municipale &#8211; Vitry su Seine &#8211; 2005.<\/span><\/p>\n<p style=\"font-weight: 400;\"><span style=\"color: #000000;\">L&#8217; Abstraction G\u00e9om\u00e9trique &#8211; Collection Jean et Colette Cherqui &#8211; Exposition du 12 Mai au 1 Juillet 2007 &#8211; Ch\u00e2teau de Tours.<\/span><\/p>\n<p style=\"font-weight: 400;\"><span style=\"color: #000000;\">One Artist &#8211; Art Karlsruhe &#8211; Galerie Emilia Suciu &#8211; 2010 &#8211; Ettlingen &#8211; Deutschland. (1)<\/span><\/p>\n<p style=\"font-weight: 400;\"><span style=\"color: #000000;\">One Artist &#8211; Art Karlsruhe &#8211; Galerie Emilia Suciu &#8211; 2010 &#8211; Ettlingen &#8211; Deutschland. (2)<\/span><\/p>\n<p style=\"font-weight: 400;\"><span style=\"color: #000000;\">150 Artistes pour L&#8217; Ang\u00e9lus &#8211; Espace Culturel Marc Jacquet du 1 Mai au 31 Juillet 2010 &#8211; Commune De Barbizon &#8211; Le Village des Peintres.<\/span><\/p>\n<p>&nbsp;<\/p>\n<p>&nbsp;<\/p>\n<p>&nbsp;<\/p>\n<p>&nbsp;<\/p>\n<p>&nbsp;<\/p>\n<p>&nbsp;<\/p>\n<p>&nbsp;<\/p>\n<p>&nbsp;<\/p>\n<p>&nbsp;<\/p>\n<p>&nbsp;<\/p>\n","protected":false},"excerpt":{"rendered":"<p>Arte Strukutra &#8211; Giancarlo Caporicci : Campi d&#8217; Azione &#8211; In Occasione dei festeggiamenti del &#8220;Maggio Monteclarense &#8221; Citt\u00e0 di Moncalieri (Brescia) &#8211; dal 29 Aprile al 20 Maggio1993.(v) Arte Struktura &#8211; Citt\u00e0 di Montechiari (Brescia) &#8211; Pieve di San&#8217; Pancrazio &#8211; dal 7 Maggio al 30 Giugno 1993. Arte Struktura&nbsp; &#8211; Giancarlo Caporicci : &hellip; <\/p>\n<p class=\"link-more\"><a href=\"https:\/\/www.caporicci.fr\/?page_id=3576\" class=\"read-more\">Read More<span class=\"screen-reader-text\"> &#8220;Catologues d&#8217;Expositions&#8221;<\/span><\/a><\/p>\n","protected":false},"author":1,"featured_media":0,"parent":0,"menu_order":0,"comment_status":"closed","ping_status":"closed","template":"","meta":{"ngg_post_thumbnail":0,"_locale":"it_IT","_original_post":"3576","footnotes":""},"_links":{"self":[{"href":"https:\/\/www.caporicci.fr\/index.php?rest_route=\/wp\/v2\/pages\/3576"}],"collection":[{"href":"https:\/\/www.caporicci.fr\/index.php?rest_route=\/wp\/v2\/pages"}],"about":[{"href":"https:\/\/www.caporicci.fr\/index.php?rest_route=\/wp\/v2\/types\/page"}],"author":[{"embeddable":true,"href":"https:\/\/www.caporicci.fr\/index.php?rest_route=\/wp\/v2\/users\/1"}],"replies":[{"embeddable":true,"href":"https:\/\/www.caporicci.fr\/index.php?rest_route=%2Fwp%2Fv2%2Fcomments&post=3576"}],"version-history":[{"count":6,"href":"https:\/\/www.caporicci.fr\/index.php?rest_route=\/wp\/v2\/pages\/3576\/revisions"}],"predecessor-version":[{"id":7906,"href":"https:\/\/www.caporicci.fr\/index.php?rest_route=\/wp\/v2\/pages\/3576\/revisions\/7906"}],"wp:attachment":[{"href":"https:\/\/www.caporicci.fr\/index.php?rest_route=%2Fwp%2Fv2%2Fmedia&parent=3576"}],"curies":[{"name":"wp","href":"https:\/\/api.w.org\/{rel}","templated":true}]}}