{"id":3668,"date":"2018-10-20T19:19:38","date_gmt":"2018-10-20T17:19:38","guid":{"rendered":"http:\/\/www.caporicci.fr\/?page_id=3668"},"modified":"2018-10-24T10:40:12","modified_gmt":"2018-10-24T08:40:12","slug":"2ere-galerie-dimages","status":"publish","type":"page","link":"https:\/\/www.caporicci.fr\/?page_id=3668","title":{"rendered":"2\u00e8me Galerie d`Images"},"content":{"rendered":"<h4><span style=\"color: #000000;\">Raisons de Grandir<\/span><\/h4>\n<h4><span style=\"color: #000000;\">Si nous nous en tenons aux certitudes du mill\u00e9naire pass\u00e9, tout est d\u00e9j\u00e0 fait. Je peux seulement affirmer que le travail artistique est r\u00e9ductible \u00e0 une formule: le futur et tout le pass\u00e9. Ces causes n\u00e9cessitent d&#8217;autres causes, je n&#8217;exclus donc pas la possibilit\u00e9 d&#8217;une intervention future qui interromprait la s\u00e9rie, mais seules celles qui suivent la cr\u00e9ation ont une existence r\u00e9elle. Les sciences constituent un vaste m\u00e9canisme de d\u00e9veloppement et d&#8217;exercice de l&#8217;intellect humain &#8230; Un rapprochement entre un acte futur et un temps infini, Que tout reste une construction fragile, mais constitue un patrimoine acquis par l&#8217;art de la recherche, qui d\u00e9j\u00e0 en soi une mani\u00e8re de lire et d\u2019identifier l\u2019espace: espace dimensionnel, espace anti-gravit\u00e9, espace tactile, espace \u00e9lastique, espace modulaire, espace de tension, espace virtuel, espace musical, espace, etc. etc. Il est d\u00e9termin\u00e9 une variabilit\u00e9 de la forme globale que, si elle n&#8217;acquiert pas les caract\u00e8res de la m\u00e9tamorphose par la nature homog\u00e8ne des figures mises en jeu, produira certainement des effets et des signaux substantiellement diff\u00e9rents, visuel et tactile, sont \u00e0 leur tour deux syst\u00e8mes tactiles et visuels, l&#8217;objectif ou cerveau.<\/span><\/h4>\n<h4><span style=\"color: #000000;\">&#8220;Il est probable que ces observations ont \u00e9t\u00e9 annonc\u00e9es parfois, et peut-\u00eatre plusieurs fois &#8230;<\/span><\/h4>\n<h4><span style=\"color: #000000;\">La discussion sur leur nouveaut\u00e9 m&#8217;int\u00e9resse moins que celle sur leur possible v\u00e9rit\u00e9 &#8220;.<\/span><\/h4>\n<h4><span style=\"color: #000000;\">&nbsp;&nbsp;&nbsp;&nbsp;&nbsp;&nbsp;&nbsp;&nbsp;&nbsp;&nbsp;&nbsp;&nbsp;&nbsp;&nbsp;&nbsp;&nbsp;&nbsp;&nbsp;&nbsp;&nbsp;&nbsp;&nbsp;&nbsp;&nbsp;&nbsp;&nbsp;&nbsp;&nbsp;&nbsp;&nbsp;&nbsp;&nbsp;&nbsp;&nbsp;&nbsp;&nbsp;&nbsp;&nbsp;&nbsp;&nbsp;&nbsp;&nbsp;&nbsp;&nbsp;&nbsp;&nbsp;&nbsp;&nbsp;&nbsp;&nbsp;&nbsp;&nbsp;&nbsp;&nbsp;&nbsp;&nbsp;&nbsp;&nbsp;&nbsp;&nbsp;&nbsp;&nbsp;&nbsp;&nbsp;&nbsp;&nbsp;&nbsp;&nbsp;&nbsp;&nbsp;&nbsp;&nbsp;&nbsp;&nbsp;&nbsp;&nbsp;&nbsp;&nbsp;&nbsp;&nbsp;&nbsp;&nbsp;&nbsp;&nbsp;&nbsp;&nbsp;&nbsp;&nbsp;&nbsp;&nbsp;&nbsp;&nbsp;&nbsp;&nbsp;&nbsp;&nbsp;&nbsp;&nbsp;&nbsp;&nbsp;&nbsp;&nbsp;&nbsp;&nbsp;&nbsp;&nbsp;&nbsp;&nbsp;&nbsp;&nbsp;&nbsp;&nbsp;&nbsp;&nbsp;&nbsp;&nbsp;&nbsp;&nbsp;&nbsp;&nbsp;&nbsp;&nbsp;&nbsp;&nbsp;&nbsp;&nbsp;&nbsp;&nbsp;&nbsp;&nbsp;&nbsp;&nbsp;&nbsp;&nbsp;&nbsp;&nbsp;&nbsp;&nbsp;&nbsp;&nbsp;&nbsp;&nbsp;&nbsp;&nbsp;&nbsp;&nbsp;&nbsp;&nbsp;&nbsp;&nbsp;&nbsp;&nbsp;&nbsp;&nbsp;&nbsp;&nbsp;&nbsp;&nbsp;&nbsp;&nbsp;&nbsp; Borges<\/span><\/h4>\n<h4>&nbsp;<\/h4>\n<h4><span style=\"color: #000000;\">Giancarlo Caporicci<\/span><\/h4>\n","protected":false},"excerpt":{"rendered":"<p>Raisons de Grandir Si nous nous en tenons aux certitudes du mill\u00e9naire pass\u00e9, tout est d\u00e9j\u00e0 fait. Je peux seulement affirmer que le travail artistique est r\u00e9ductible \u00e0 une formule: le futur et tout le pass\u00e9. Ces causes n\u00e9cessitent d&#8217;autres causes, je n&#8217;exclus donc pas la possibilit\u00e9 d&#8217;une intervention future qui interromprait la s\u00e9rie, mais &hellip; <\/p>\n<p class=\"link-more\"><a href=\"https:\/\/www.caporicci.fr\/?page_id=3668\" class=\"read-more\">Read More<span class=\"screen-reader-text\"> &#8220;2\u00e8me Galerie d`Images&#8221;<\/span><\/a><\/p>\n","protected":false},"author":1,"featured_media":0,"parent":0,"menu_order":0,"comment_status":"closed","ping_status":"closed","template":"","meta":{"ngg_post_thumbnail":0,"_locale":"","_original_post":"","footnotes":""},"_links":{"self":[{"href":"https:\/\/www.caporicci.fr\/index.php?rest_route=\/wp\/v2\/pages\/3668"}],"collection":[{"href":"https:\/\/www.caporicci.fr\/index.php?rest_route=\/wp\/v2\/pages"}],"about":[{"href":"https:\/\/www.caporicci.fr\/index.php?rest_route=\/wp\/v2\/types\/page"}],"author":[{"embeddable":true,"href":"https:\/\/www.caporicci.fr\/index.php?rest_route=\/wp\/v2\/users\/1"}],"replies":[{"embeddable":true,"href":"https:\/\/www.caporicci.fr\/index.php?rest_route=%2Fwp%2Fv2%2Fcomments&post=3668"}],"version-history":[{"count":3,"href":"https:\/\/www.caporicci.fr\/index.php?rest_route=\/wp\/v2\/pages\/3668\/revisions"}],"predecessor-version":[{"id":5153,"href":"https:\/\/www.caporicci.fr\/index.php?rest_route=\/wp\/v2\/pages\/3668\/revisions\/5153"}],"wp:attachment":[{"href":"https:\/\/www.caporicci.fr\/index.php?rest_route=%2Fwp%2Fv2%2Fmedia&parent=3668"}],"curies":[{"name":"wp","href":"https:\/\/api.w.org\/{rel}","templated":true}]}}