{"id":3676,"date":"2018-10-20T19:36:18","date_gmt":"2018-10-20T17:36:18","guid":{"rendered":"http:\/\/www.caporicci.fr\/?page_id=3676"},"modified":"2018-10-23T12:56:45","modified_gmt":"2018-10-23T10:56:45","slug":"publication","status":"publish","type":"page","link":"https:\/\/www.caporicci.fr\/?page_id=3676","title":{"rendered":"Publications"},"content":{"rendered":"<h5><span style=\"color: #000000;\"><strong>2017<\/strong><\/span><br \/>\n<span style=\"color: #000000;\">Art Louiza Auktion. Meison De Vente Tableaux &amp; Sculptures Modernes, Cin\u00e9tiques &amp; Contempraines, Bruxelles.<\/span><br \/>\n<span style=\"color: #000000;\"><strong>2016<\/strong><\/span><br \/>\n<span style=\"color: #000000;\">Art Cin\u00e9tique \u2013 Light Show II, Piasa, Paris.<\/span><br \/>\n<span style=\"color: #000000;\"><strong>2013<\/strong><\/span><br \/>\n<span style=\"color: #000000;\">Catalogue Art Karlruhe. Internationale Messe fur Klassische Moderne und Gegenwartskunst, Galerie Emilia Suciu, Ettlingen, Deutschland.<\/span><br \/>\n<span style=\"color: #000000;\">Personale, Parigi \u2013 Riva del Garda, \u00ab&nbsp;Luci Colori&nbsp;\u00bb, Centro Culturale Comune di Riva del Garda.<\/span><br \/>\n<span style=\"color: #000000;\"><strong>2012<\/strong><\/span><br \/>\n<span style=\"color: #000000;\">Gal\u00e9ria \u00e9s Aukcios Haz. l\u2019Esposition &lt;&lt;Cube Paris&gt;&gt; Abstraction G\u00e9om\u00e9trique, Giancarlo Kaporichchi (Caporicci), Centre Culturel de l\u2019Ambassade de Hongrie.<\/span><br \/>\n<span style=\"color: #000000;\">Personnel, Galerie Gourvennec Ogor. Vernissage Exposition \u00ab&nbsp;Exodus&nbsp;\u00bb Marseille, France.<\/span><br \/>\n<span style=\"color: #000000;\"><strong>2011<\/strong><\/span><br \/>\n<span style=\"color: #000000;\">\u00ab&nbsp;Kinetik \u2013 Kunst in Bewegung&nbsp;\u00bb&nbsp; Kunsthalle Messmer, Riegel am 2011<\/span><br \/>\n<span style=\"color: #000000;\">\u00ab&nbsp;Kinetik \u2013 Kunst in Bewegung&nbsp;\u00bb&nbsp; Kunsthalle Messmer, Riegel am Kaiserstuhl \u2013 Allemagne<\/span><br \/>\n<span style=\"color: #000000;\">Contemporary Art Fair. Esplanade, Mus\u00e9e d\u2019Art Moderne della Ville de Paris, France.<\/span><br \/>\n<span style=\"color: #000000;\">Art Contemporain 2. Hotel Marcel Dassault, Paris.<\/span><br \/>\n<span style=\"color: #000000;\">MADI \u2013 Carmelo Arden Quin &amp; Co. Mus\u00e9e d\u2019Art et d\u2019histoire de la ville de Cholet&nbsp; \u2013 Ville de Cholet (France)<\/span><br \/>\n<span style=\"color: #000000;\">P\u00e1rizsi kocka. ABIGAIL Gal\u00e9ria \u00e9s Aukci\u00f3s H\u00e1z \u2013 Budapest&nbsp; (hu)<\/span><br \/>\n<span style=\"color: #000000;\">Art KARLSRUHE 2011 Kataloge \u2013 Karlsruhe, Allemagne<\/span><br \/>\n<span style=\"color: #000000;\"><strong>2010<\/strong><\/span><br \/>\n<span style=\"color: #000000;\">Ed. R\u00e9alit\u00e9s Nouvelles\u201907 \u2013 Parc Floral de Paris Vincennes \u2013 Paris<\/span><br \/>\n<span style=\"color: #000000;\">Art Karlsruhe. Catalogue Galerie Emilia Suciu, Ettlingen, Deutschland.<\/span><br \/>\n<span style=\"color: #000000;\">150 Artistes pour l\u2019Angelus.Commune de Barbizon, le Village des Peintres, l\u2019Ang\u00e9lus a 150 ans, Espace Culturel Marc Jacquet.<\/span><br \/>\n<span style=\"color: #000000;\">La Nuit des Chercheurs, Expo a l\u2019Observatoire de Paris.<\/span><br \/>\n<span style=\"color: #000000;\">Esposizione MADI. Mostra \u00ab&nbsp;Invenzione MADI&nbsp;\u00bb Museo Nazionale Villa Pisani Str\u00e0, Venezia.<\/span><br \/>\n<span style=\"color: #000000;\">5 CONTINENTS EDITIONS \u201cG\u00e9om\u00e9trie hors limites. Collection Jean et Colette Cherqui\u201d. Maison de l\u2019Am\u00e9rique latine \u2013 Paris<\/span><br \/>\n<span style=\"color: #000000;\">Kinetik Kunst in Bewegung. || Kunsthalle Messmer, Messmer Foudation, Riegel am Kaiserstuhl, Fribourg.<\/span><br \/>\n<span style=\"color: #000000;\"><strong>2009<\/strong><\/span><br \/>\n<span style=\"color: #000000;\">Ed. R\u00e9alit\u00e9s Nouvelles\u201909 \u2013 Parc Floral de Paris Vincennes \u2013 Paris<\/span><br \/>\n<span style=\"color: #000000;\"><strong>2007<\/strong><\/span><br \/>\n<span style=\"color: #000000;\">Ed. R\u00e9alit\u00e9s Nouvelles\u201907 \u2013 Parc Floral de Paris Vincennes \u2013 Paris<\/span><br \/>\n<span style=\"color: #000000;\"><strong>2003<\/strong><\/span><br \/>\n<span style=\"color: #000000;\">Ed. Nuovi Orizzonti, Oro Nero in Valle Argentina.Italie<\/span><br \/>\n<span style=\"color: #000000;\">Foire d\u2019Art Internationale, LINEART. Gand. Belgique<\/span><br \/>\n<span style=\"color: #000000;\"><strong>2002<\/strong><\/span><br \/>\n<span style=\"color: #000000;\">Ed. START Foire d\u2019Art contemporain, Strasbourg<\/span><br \/>\n<span style=\"color: #000000;\">Art Paris Art moderne et cr\u00e9ation contemporaine au Carrousel du Louvre. Paris<\/span><br \/>\n<span style=\"color: #000000;\"><strong>2001<\/strong><\/span><br \/>\n<span style=\"color: #000000;\">Ed. START Foire d\u2019Art Contemporain, Strasbourg<\/span><br \/>\n<span style=\"color: #000000;\">Ed. R\u00e9alit\u00e9s Nouvelles\u201901 .Paris<\/span><br \/>\n<span style=\"color: #000000;\">Art Paris Art moderne et cr\u00e9ation contemporaine au Carrousel du Louvre. Paris<\/span><br \/>\n<span style=\"color: #000000;\"><strong>2000<\/strong><\/span><br \/>\n<span style=\"color: #000000;\">Ed. START Foire d\u2019Art contemporain, Strasbourg<\/span><br \/>\n<span style=\"color: #000000;\">Art Paris Art moderne et cr\u00e9ation contemporaine au Carrousel du Louvre. Paris<\/span><br \/>\n<span style=\"color: #000000;\"><strong>1999<\/strong><\/span><br \/>\n<span style=\"color: #000000;\">Art constructif en Europe 1950 \u2013 1998.Museu de Art Contemporanea, Fortelezza,<\/span><br \/>\n<span style=\"color: #000000;\">Ed. START Foire d\u2019Art Contemporain, Strasbourg<\/span><br \/>\n<span style=\"color: #000000;\">Art Paris Art moderne et cr\u00e9ation contemporaine au Carrousel du Louvre. Paris<\/span><br \/>\n<span style=\"color: #000000;\"><strong>1998<\/strong><\/span><br \/>\n<span style=\"color: #000000;\">MADI internazionale. Ed. Museo Reina Sofia, Madrid<\/span><br \/>\n<span style=\"color: #000000;\">Ed, SAGA-FiAC.Paris<\/span><br \/>\n<span style=\"color: #000000;\"><strong>1997<\/strong><\/span><br \/>\n<span style=\"color: #000000;\">Costruttivismo, concretismo, cinevisuaiismo, Nuova Visuaiiti Intemazionale 100\u00d7100 ed.Arte, Stuktura, Milan<\/span><br \/>\n<span style=\"color: #000000;\">Ed. SAGA-FlAC, Pans<\/span><br \/>\n<span style=\"color: #000000;\"><strong>1996<\/strong><\/span><br \/>\n<span style=\"color: #000000;\">MADI International<\/span><br \/>\n<span style=\"color: #000000;\">50 a\u00f1os despues, ed. ibercaja<\/span><br \/>\n<span style=\"color: #000000;\">Obra Cultural. Zaragoza<\/span><br \/>\n<span style=\"color: #000000;\"><strong>1995<\/strong><\/span><br \/>\n<span style=\"color: #000000;\">1945-1995 Cr\u00e9ateurs pour la paix. Ed. Combat pour la paix, Paris<\/span><br \/>\n<span style=\"color: #000000;\">Feenice 2000 \u2013 Catalogue d\u2019Art Contemporain 1945- 1995<\/span><br \/>\n<span style=\"color: #000000;\">Ed. Comparaisons 95. Paris<\/span><br \/>\n<span style=\"color: #000000;\">Ed. R\u00e9alit\u00e9s Nouvelles 95. Paris<\/span><br \/>\n<span style=\"color: #000000;\"><strong>1994<\/strong><\/span><br \/>\n<span style=\"color: #000000;\">Miscellanea mostra d\u2019arte contemporanea piccolo formato. Avellino<\/span><br \/>\n<span style=\"color: #000000;\">Kostruito 94, Milan<\/span><br \/>\n<span style=\"color: #000000;\">Ed. R\u00e9alit\u00e9s Nouvelles\u201994,Paris<\/span><br \/>\n<span style=\"color: #000000;\"><strong>1993<\/strong><\/span><br \/>\n<span style=\"color: #000000;\">Dia + Logos, progettto Logos, ed. Di Baio, Roma<\/span><br \/>\n<span style=\"color: #000000;\">Campi d\u2019Azione, Alberto Veca, ed. Arte Struktura, Brescia<\/span><br \/>\n<span style=\"color: #000000;\">Art-Expo 14* safon,Billancourt<\/span><br \/>\n<span style=\"color: #000000;\">Ed. Foire-Expo d\u2019Art de Montichiari, Brescia<\/span><br \/>\n<span style=\"color: #000000;\"><strong>1992<\/strong><\/span><br \/>\n<span style=\"color: #000000;\">Abstraction G\u00e9om\u00e9trique. Galerie Alex. de la Salle. Saint-Paul de Vence<\/span><br \/>\n<span style=\"color: #000000;\"><strong>1991<\/strong><\/span><br \/>\n<span style=\"color: #000000;\">Una Scultura di Caporicci, Arte Struktura, Milan, Italie, (individuelle)<\/span><br \/>\n<span style=\"color: #000000;\">Petits Formats 20\u00d720, Consulat d\u2019Italie. Zurich. Suisse<\/span><br \/>\n<span style=\"color: #000000;\">Kleinc Formate Konkrete, galerie Lidja Jametti. Bachenbulach. Suisse<\/span><br \/>\n<span style=\"color: #000000;\">Unification Europ\u00e9enne, galerie Rondottanta, C.C. de Sesto San Giovanni. Milan<\/span><br \/>\n<span style=\"color: #000000;\">MADI Italie, galerie Arte Struktura. Milan<\/span><br \/>\n<span style=\"color: #000000;\">MADI dans l\u2019Art d\u2019aujourd\u2019hui, galerie Arte Struktura. Milan<\/span><br \/>\n<span style=\"color: #000000;\">L\u2019imagination g\u00e9om\u00e9trisante galerie Arte Stuktura. Milan<\/span><br \/>\n<span style=\"color: #000000;\">MADI Italie-France d\u2019aujourd\u2019hui, Centre Culturel de Cologno Monzese. Italie<\/span><br \/>\n<span style=\"color: #000000;\">&lt;&lt; Jugement diff\u00e9rent &gt;&gt; Nuova Brerart S.P.A. Milan<\/span><br \/>\n<span style=\"color: #000000;\">Art MADI Italia Francia, ed Arte Struktura, Milan<\/span><br \/>\n<span style=\"color: #000000;\">Una scultura di Giancarlo Caporicci, Alberto Veca, Sculpture-livre imprim\u00e9e en s\u00e9rigraphie,ed.Art Struktura.Milan<\/span><br \/>\n<span style=\"color: #000000;\"><strong>1990<\/strong><\/span><br \/>\n<span style=\"color: #000000;\">Petits Formats 20\u00d720, Galerie Arte Struktura, Milan.<\/span><br \/>\n<span style=\"color: #000000;\"><strong>1989<\/strong><\/span><br \/>\n<span style=\"color: #000000;\">III Ed. Fiera d\u2019Arte contemporanea, Milan.<\/span><br \/>\n<span style=\"color: #000000;\">Art Diary &amp; Art Diary International, ed. Giancarlo Politi. MiIan.<\/span><br \/>\n<span style=\"color: #000000;\">Troisi\u00e8me Biennale d`Art de Milan.<\/span><br \/>\n<span style=\"color: #000000;\"><strong>1988<\/strong><\/span><br \/>\n<span style=\"color: #000000;\">Perception minimale, Biblioth\u00e8que du centre cultural de Verolanuova. Brescia, Italie<\/span><br \/>\n<span style=\"color: #000000;\">16 intervenants chromoplastiques inobjectifs, centre culturel du Palais Siccardi AJbenga. Savona. Italie<\/span><br \/>\n<span style=\"color: #000000;\">De l\u2019Art a la Vie, ed. Ramita d\u2019Arte Moderna, Hospital de Brescia, Italie<\/span><br \/>\n<span style=\"color: #000000;\">Perception minimale, Palais des Papes. Viterbo, Italie.<\/span><br \/>\n<span style=\"color: #000000;\"><strong>1987<\/strong><\/span><br \/>\n<span style=\"color: #000000;\">3 1 Operatori Cromoplasiici inoggettivi individuano il percettivo minimale, Carlo Belloli, ed. Arte Struktura.Milan<\/span><br \/>\n<span style=\"color: #000000;\">Perception Minimale, II \u00e8me Bienale Internationale d`Art Contemporaine, foire de Milan Tendances, Galerie Arte Struktura Milan.&nbsp;<\/span><br \/>\n<span style=\"color: #000000;\">iI Ed. Fiera d\u2019&amp;te wntemporanea, Milan<\/span><br \/>\n<span style=\"color: #000000;\"><strong>1986<\/strong><\/span><br \/>\n<span style=\"color: #000000;\">Nuova Visualit\u00e0 1995, Cesena<\/span><br \/>\n<span style=\"color: #000000;\">Protagonistes de l\u2019inobjectivit\u00e9 construite, centre cultural de Broni<\/span><br \/>\n<span style=\"color: #000000;\"><strong>1985<\/strong><\/span><br \/>\n<span style=\"color: #000000;\">Nuova Visualit\u00e0 1985, Palais des Papes. Cesena, Italie<\/span><br \/>\n<span style=\"color: #000000;\">Arte Struktura Center in Milan, Italie<\/span><br \/>\n<span style=\"color: #000000;\"><strong>1980<\/strong><\/span><br \/>\n<span style=\"color: #000000;\">Puglia, Expo-Art, Bari, Italie, (individuelle)<\/span><br \/>\n<span style=\"color: #000000;\"><strong>1979<\/strong><\/span><br \/>\n<span style=\"color: #000000;\">Signes graphiques, discoth\u00e8que Panthea. Milan<\/span><br \/>\n<span style=\"color: #000000;\"><strong>1975<\/strong><\/span><br \/>\n<span style=\"color: #000000;\">Expo Royale, Discoth&nbsp;\u00e8que Varena, Milan, Italie, (individuelle)<\/span><br \/>\n<span style=\"color: #000000;\">Dessins architectures, H\u00f4tel Royal de Varenna. Italie<\/span><br \/>\n<span style=\"color: #000000;\"><strong>1971<\/strong><\/span><br \/>\n<span style=\"color: #000000;\">Arte Tessuto Francia, Milan, Italie, (individuelle)<\/span><br \/>\n<span style=\"color: #000000;\">Tissus Art France, Acad\u00e9mie des Beaux-Arts. Brera, Italie&nbsp; &lt;&lt;Dessins architectures&gt;&gt;. Village Cala Creta, Lampedusa, Italie<\/span><br \/>\n<span style=\"color: #000000;\"><strong>1968<\/strong><\/span><br \/>\n<span style=\"color: #000000;\">Art flex, Naples, Italie, (individuelle)<\/span><br \/>\n<span style=\"color: #000000;\">Late Lay, Naples, Italie, (individuelle)<\/span><br \/>\n<span style=\"color: #000000;\">La Sfida, photographies sur la camorra, Acad\u00e9mie des Beaux-Arts. Naples, Italie<\/span><br \/>\n<span style=\"color: #000000;\"><strong>1967<\/strong><\/span><br \/>\n<span style=\"color: #000000;\">Peintures Artflex. Naples, Italie<\/span><br \/>\n<span style=\"color: #000000;\"><strong>1966<\/strong><\/span><br \/>\n<span style=\"color: #000000;\">Affiches th\u00e9\u00e2tre d\u2019essai. Naples, Italie<\/span><br \/>\n<span style=\"color: #000000;\"><strong>1964<\/strong><\/span><br \/>\n<span style=\"color: #000000;\">Peinture en vitrine, centre N.A.T.O. Naples, Italie<\/span><br \/>\n<span style=\"color: #000000;\"><strong>1963<\/strong><\/span><br \/>\n<span style=\"color: #000000;\">Historique de l\u2019\u00e9glise Marechiaro (photographies). Naples, Italie<\/span><\/h5>\n<h5>&nbsp;<\/h5>\n<h5>&nbsp;<\/h5>\n<p>&nbsp;<\/p>\n<p>&nbsp;<\/p>\n<p>&nbsp;<\/p>\n<p>&nbsp;<\/p>\n<p>&nbsp;<\/p>\n<p>&nbsp;<\/p>\n<p>&nbsp;<\/p>\n","protected":false},"excerpt":{"rendered":"<p>2017 Art Louiza Auktion. Meison De Vente Tableaux &amp; Sculptures Modernes, Cin\u00e9tiques &amp; Contempraines, Bruxelles. 2016 Art Cin\u00e9tique \u2013 Light Show II, Piasa, Paris. 2013 Catalogue Art Karlruhe. Internationale Messe fur Klassische Moderne und Gegenwartskunst, Galerie Emilia Suciu, Ettlingen, Deutschland. Personale, Parigi \u2013 Riva del Garda, \u00ab&nbsp;Luci Colori&nbsp;\u00bb, Centro Culturale Comune di Riva del Garda. &hellip; <\/p>\n<p class=\"link-more\"><a href=\"https:\/\/www.caporicci.fr\/?page_id=3676\" class=\"read-more\">Read More<span class=\"screen-reader-text\"> &#8220;Publications&#8221;<\/span><\/a><\/p>\n","protected":false},"author":1,"featured_media":0,"parent":3678,"menu_order":0,"comment_status":"closed","ping_status":"closed","template":"","meta":{"ngg_post_thumbnail":0,"_locale":"","_original_post":"","footnotes":""},"_links":{"self":[{"href":"https:\/\/www.caporicci.fr\/index.php?rest_route=\/wp\/v2\/pages\/3676"}],"collection":[{"href":"https:\/\/www.caporicci.fr\/index.php?rest_route=\/wp\/v2\/pages"}],"about":[{"href":"https:\/\/www.caporicci.fr\/index.php?rest_route=\/wp\/v2\/types\/page"}],"author":[{"embeddable":true,"href":"https:\/\/www.caporicci.fr\/index.php?rest_route=\/wp\/v2\/users\/1"}],"replies":[{"embeddable":true,"href":"https:\/\/www.caporicci.fr\/index.php?rest_route=%2Fwp%2Fv2%2Fcomments&post=3676"}],"version-history":[{"count":9,"href":"https:\/\/www.caporicci.fr\/index.php?rest_route=\/wp\/v2\/pages\/3676\/revisions"}],"predecessor-version":[{"id":3992,"href":"https:\/\/www.caporicci.fr\/index.php?rest_route=\/wp\/v2\/pages\/3676\/revisions\/3992"}],"up":[{"embeddable":true,"href":"https:\/\/www.caporicci.fr\/index.php?rest_route=\/wp\/v2\/pages\/3678"}],"wp:attachment":[{"href":"https:\/\/www.caporicci.fr\/index.php?rest_route=%2Fwp%2Fv2%2Fmedia&parent=3676"}],"curies":[{"name":"wp","href":"https:\/\/api.w.org\/{rel}","templated":true}]}}