{"id":3678,"date":"2018-10-20T19:29:03","date_gmt":"2018-10-20T17:29:03","guid":{"rendered":"http:\/\/www.caporicci.fr\/?page_id=3678"},"modified":"2018-10-21T20:52:18","modified_gmt":"2018-10-21T18:52:18","slug":"biographie","status":"publish","type":"page","link":"https:\/\/www.caporicci.fr\/?page_id=3678","title":{"rendered":"Biographie"},"content":{"rendered":"<p>&nbsp;<\/p>\n<p>&nbsp;<\/p>\n<p>&nbsp;<\/p>\n<p>&nbsp;<\/p>\n<p>&nbsp;<\/p>\n<p>&nbsp;<\/p>\n<p>&nbsp;<\/p>\n<p>&nbsp;<\/p>\n<p>&nbsp;<\/p>\n<p>&nbsp;<\/p>\n<h3><span style=\"color: #000000;\">Giancarlo Caporicci est n\u00e9 en 1946 \u00e0 Naples en Italie.&nbsp;Vit et travaille \u00e0 Paris, France. Dipl\u00f4m\u00e9 de l\u2019Ecole des Beaux Arts de Naples, il commence son parcours professionnel en enseignant l\u2019histoire de l\u2019art et du costume en Italie. Il m\u00e8ne parall\u00e8lement des projets d\u2019architecture, de d\u00e9coration de th\u00e9\u00e2tres, de cr\u00e9ation de d\u00e9cors sc\u00e9niques en France et en Italie. En 2000, il coordonne un projet \u00e9ducatif avec des \u00e9coles maternelles et primaires d\u2019une commune en r\u00e9gion parisienne. Ce travail permettra une construction et une r\u00e9appropriation de l\u2019espace urbain par les enfants. Cette d\u00e9marche correspond \u00e0 une volont\u00e9 de faire reposer le lien social sur une communaut\u00e9 de sensibilit\u00e9s et sur le partage d\u2019\u00e9motions qui s\u2019inscrivent dans l\u2019art et dans sa dimension humaine. Expositions collectives depuis 1963 et personnelles depuis 1968 en Italie, en France, en Espagne, aux \u00c9tats-Unis. Giancarlo Caporicci est l\u2019auteur de nombreux ouvrages sur l\u2019art et la sculpture contemporaine, particuli\u00e8rement sur le \u00ab constructivisme \u00bb, \u00ab l\u2019abstraction g\u00e9om\u00e9trique \u00bb et \u00ab l\u2019inobjectivit\u00e9 construite \u00bb.<\/span><\/h3>\n<p>&nbsp;<\/p>\n<p>&nbsp;<\/p>\n<p>&nbsp;<\/p>\n<p>&nbsp;<\/p>\n<p>&nbsp;<\/p>\n<p>&nbsp;<\/p>\n<p>&nbsp;<\/p>\n<p>&nbsp;<\/p>\n<p>&nbsp;<\/p>\n<p>&nbsp;<\/p>\n","protected":false},"excerpt":{"rendered":"<p>&nbsp; &nbsp; &nbsp; &nbsp; &nbsp; &nbsp; &nbsp; &nbsp; &nbsp; &nbsp; Giancarlo Caporicci est n\u00e9 en 1946 \u00e0 Naples en Italie.&nbsp;Vit et travaille \u00e0 Paris, France. Dipl\u00f4m\u00e9 de l\u2019Ecole des Beaux Arts de Naples, il commence son parcours professionnel en enseignant l\u2019histoire de l\u2019art et du costume en Italie. Il m\u00e8ne parall\u00e8lement des projets d\u2019architecture, de &hellip; <\/p>\n<p class=\"link-more\"><a href=\"https:\/\/www.caporicci.fr\/?page_id=3678\" class=\"read-more\">Read More<span class=\"screen-reader-text\"> &#8220;Biographie&#8221;<\/span><\/a><\/p>\n","protected":false},"author":1,"featured_media":0,"parent":0,"menu_order":0,"comment_status":"closed","ping_status":"closed","template":"","meta":{"ngg_post_thumbnail":0,"_locale":"","_original_post":"","footnotes":""},"_links":{"self":[{"href":"https:\/\/www.caporicci.fr\/index.php?rest_route=\/wp\/v2\/pages\/3678"}],"collection":[{"href":"https:\/\/www.caporicci.fr\/index.php?rest_route=\/wp\/v2\/pages"}],"about":[{"href":"https:\/\/www.caporicci.fr\/index.php?rest_route=\/wp\/v2\/types\/page"}],"author":[{"embeddable":true,"href":"https:\/\/www.caporicci.fr\/index.php?rest_route=\/wp\/v2\/users\/1"}],"replies":[{"embeddable":true,"href":"https:\/\/www.caporicci.fr\/index.php?rest_route=%2Fwp%2Fv2%2Fcomments&post=3678"}],"version-history":[{"count":3,"href":"https:\/\/www.caporicci.fr\/index.php?rest_route=\/wp\/v2\/pages\/3678\/revisions"}],"predecessor-version":[{"id":3952,"href":"https:\/\/www.caporicci.fr\/index.php?rest_route=\/wp\/v2\/pages\/3678\/revisions\/3952"}],"wp:attachment":[{"href":"https:\/\/www.caporicci.fr\/index.php?rest_route=%2Fwp%2Fv2%2Fmedia&parent=3678"}],"curies":[{"name":"wp","href":"https:\/\/api.w.org\/{rel}","templated":true}]}}