{"id":5697,"date":"2018-10-25T16:12:46","date_gmt":"2018-10-25T14:12:46","guid":{"rendered":"http:\/\/www.caporicci.fr\/?page_id=5697"},"modified":"2022-10-28T12:30:53","modified_gmt":"2022-10-28T10:30:53","slug":"bienvenue","status":"publish","type":"page","link":"https:\/\/www.caporicci.fr\/","title":{"rendered":"Bienvenue"},"content":{"rendered":"<p><span style=\"color: #333333;\">Le Movimento Mad\u00ec (du mat\u00e9rialisme dialectique), n\u00e9 \u00e0 Buenos Aires en 1946, s\u2019est d\u00e9velopp\u00e9 autour du magazine avant-gardiste &#8220;Arturo&#8221;, fond\u00e9 deux ans auparavant par Carmelo Arden Quin avec Rhod Rothfuss, Gyula Kosice, Torres Garcia, M. Mendes, Vincente Huidobro, L. Prati, Edgar Bayley, Tom\u00e0s Maldonado et ME Vieira da Silva. Le transfert \u00e0 Carmelo Arden Quin \u00e0 Paris en 1948 et l\u2019ouverture du &#8220;Centre de recherches et d\u2019\u00e9tudes madistes&#8221; ont permis un contact avec les artistes europ\u00e9ens, qui se sont rapidement int\u00e9ress\u00e9s \u00e0 l\u2019innovation et qui sont devenus membres du mouvement. . Dans le but de d\u00e9passer la conception traditionnelle de l&#8217;\u0153uvre d&#8217;art, le Mouvement Mad\u00ec a rejet\u00e9 toute r\u00e9f\u00e9rence figurative en faveur d&#8217;images abstraites capables d&#8217;exprimer un nouveau langage universel. Il ne s\u2019agit donc pas d\u2019un mouvement purement esth\u00e9tique mais d\u2019une attitude g\u00e9n\u00e9rale de libert\u00e9 vis-\u00e0-vis des lieux communs et des formes, techniques et mat\u00e9riaux usuels, jusqu\u2019\u00e0 la suppression du m\u00eame cadre. Pr\u00e9cis\u00e9ment, Arden Quin dans le &#8220;pr\u00e9-Manifeste Madi&#8221; rappelle que &#8220;le travail est, n&#8217;exprime pas, le travail est, ne repr\u00e9sente pas, le travail ne signifie pas&#8221;. Cette nouvelle attitude envers l\u2019art, libre et original, a fait que Mad\u00ec est rapidement devenu un mouvement international avec des repr\u00e9sentants dans de nombreux pays, dont la Belgique, l\u2019Italie, l\u2019Espagne, la France, l\u2019Angleterre, les Pays-Bas, la Pologne, la Slovaquie, l\u2019Argentine, Su\u00e8de, Uruguay, \u00c9tats-Unis, Br\u00e9sil, Venezuela, Hongrie et Japon. Avec plus de soixante ans d&#8217;activit\u00e9 internationale ininterrompue, le Mouvement Mad\u00ec est donc un exemple exceptionnel de cr\u00e9ativit\u00e9 et d&#8217;exp\u00e9rimentation toujours d&#8217;actualit\u00e9, capable de r\u00e9pondre \u00e0 tous les besoins du monde contemporain. Le mouvement Mad\u00ec a la force d\u2019\u00eatre au rendez-vous depuis plus de soixante ans, les \u0153uvres cr\u00e9\u00e9es sous son \u00e9gide ne sont pas affect\u00e9es par le passage du temps. Le mouvement Mad\u00ec donne \u00e0 ses \u0153uvres la force des id\u00e9es et la continuit\u00e9 du discours artistique, leur conf\u00e9rant une inclination du regard qui relie le pass\u00e9 et l&#8217;avenir, permettant un positionnement sur le march\u00e9 qui ne connaisse pas de d\u00e9clin; en effet r\u00e9cemment, il semble avoir suscit\u00e9 un grand int\u00e9r\u00eat de la part du march\u00e9 de la collecte le plus attentif.<\/span><\/p>\n","protected":false},"excerpt":{"rendered":"<p>Le Movimento Mad\u00ec (du mat\u00e9rialisme dialectique), n\u00e9 \u00e0 Buenos Aires en 1946, s\u2019est d\u00e9velopp\u00e9 autour du magazine avant-gardiste &#8220;Arturo&#8221;, fond\u00e9 deux ans auparavant par Carmelo Arden Quin avec Rhod Rothfuss, Gyula Kosice, Torres Garcia, M. Mendes, Vincente Huidobro, L. Prati, Edgar Bayley, Tom\u00e0s Maldonado et ME Vieira da Silva. Le transfert \u00e0 Carmelo Arden Quin &hellip; <\/p>\n<p class=\"link-more\"><a href=\"https:\/\/www.caporicci.fr\/\" class=\"read-more\">Read More<span class=\"screen-reader-text\"> &#8220;Bienvenue&#8221;<\/span><\/a><\/p>\n","protected":false},"author":1,"featured_media":0,"parent":0,"menu_order":0,"comment_status":"closed","ping_status":"closed","template":"","meta":{"ngg_post_thumbnail":0,"_locale":"it_IT","_original_post":"http:\/\/www.caporicci.fr\/?page_id=5697","footnotes":""},"_links":{"self":[{"href":"https:\/\/www.caporicci.fr\/index.php?rest_route=\/wp\/v2\/pages\/5697"}],"collection":[{"href":"https:\/\/www.caporicci.fr\/index.php?rest_route=\/wp\/v2\/pages"}],"about":[{"href":"https:\/\/www.caporicci.fr\/index.php?rest_route=\/wp\/v2\/types\/page"}],"author":[{"embeddable":true,"href":"https:\/\/www.caporicci.fr\/index.php?rest_route=\/wp\/v2\/users\/1"}],"replies":[{"embeddable":true,"href":"https:\/\/www.caporicci.fr\/index.php?rest_route=%2Fwp%2Fv2%2Fcomments&post=5697"}],"version-history":[{"count":11,"href":"https:\/\/www.caporicci.fr\/index.php?rest_route=\/wp\/v2\/pages\/5697\/revisions"}],"predecessor-version":[{"id":8576,"href":"https:\/\/www.caporicci.fr\/index.php?rest_route=\/wp\/v2\/pages\/5697\/revisions\/8576"}],"wp:attachment":[{"href":"https:\/\/www.caporicci.fr\/index.php?rest_route=%2Fwp%2Fv2%2Fmedia&parent=5697"}],"curies":[{"name":"wp","href":"https:\/\/api.w.org\/{rel}","templated":true}]}}